{"id":97,"date":"2017-11-10T04:49:42","date_gmt":"2017-11-10T03:49:42","guid":{"rendered":"http:\/\/wp.lfs-bonn.de\/?page_id=97"},"modified":"2026-03-13T15:36:35","modified_gmt":"2026-03-13T14:36:35","slug":"deutsch","status":"publish","type":"page","link":"https:\/\/www.lfs-bonn.de\/?page_id=97","title":{"rendered":"Deutsch"},"content":{"rendered":"<div id=\"cs-content\" class=\"cs-content\"><div class=\"x-section e97-e1 m2p-0\"><div class=\"x-container max width e97-e2 m2p-1\"><div class=\"x-column x-sm x-1-3 e97-e3 m2p-2\"><div class=\"x-text x-content e97-e4 m2p-3\"><h3>Das Fach Deutsch an der LFS legt Wert auf:<\/h3>\n<ul>\n \t<li>Unterst\u00fctzung von Sch\u00fclerinnen in ihrer individuellen Entwicklung, indem sie einen bewussten, adressaten- und zeitgem\u00e4\u00dfen Umgang mit Sprache, Literatur und neuen Medien erlernen.<\/li>\n \t<li>Integration von Projekten und Wettbewerben, da Sch\u00fclerinnen in au\u00dferunterrichtlichen Erfahrungsr\u00e4umen die Relevanz sprachlichen und literarischen Tuns f\u00fcr sich und andere erfahren.<\/li>\n<\/ul><\/div><\/div><div class=\"x-column x-sm x-2-3 e97-e5 m2p-2\"><div class=\"x-text x-content e97-e6 m2p-3\"><h3><a href=\"https:\/\/lfs-bonn.de\/wp-content\/uploads\/IntVorbereitungsklasse_300x200.jpg\"><img loading=\"lazy\" decoding=\"async\" src=\"https:\/\/lfs-bonn.de\/wp-content\/uploads\/IntVorbereitungsklasse_300x200.jpg\" alt=\"\" width=\"350\" height=\"233\" class=\"alignnone wp-image-683\" srcset=\"https:\/\/www.lfs-bonn.de\/wp-content\/uploads\/IntVorbereitungsklasse_300x200.jpg 300w, https:\/\/www.lfs-bonn.de\/wp-content\/uploads\/IntVorbereitungsklasse_300x200-100x67.jpg 100w\" sizes=\"(max-width: 350px) 100vw, 350px\" \/><\/a><\/h3>\n<h3>LFS-Sch\u00fclerinnen nehmen am kulturellen Leben teil und gestalten es:<\/h3>\n<ul>\n \t<li>In Zusammenarbeit mit der \u201eJungen Theatergemeinde Bonn\u201c\u00a0 bieten wir f\u00fcr alle Jahrgangsstufen Theater-Abonnements f\u00fcr Schauspiel, Oper, Tanz und Kabarett an.<\/li>\n \t<li>Unsere Klassen und Kurse besuchen Bibliotheken und Autorenlesungen, z.B. im Rahmen des j\u00e4hrlichen Lesefests \u201eK\u00e4pt\u00b4n Book\u201c.<\/li>\n \t<li>Die neunten Klassen nehmen am bundesweiten Wettbewerb \u201eJugend debattiert\u201c teil.<\/li>\n \t<li>Deutsch- und Literaturkurse planen und inszenieren Theaterauff\u00fchrungen, Balladenabende und Poetry Slams.<\/li>\n \t<li>\n<p>Die Sch\u00fclerinnen der Stufe Q1 setzen sich w\u00e4hrend einer dreit\u00e4gigen Weimarfahrt\u00a0 mit ethischen und kulturellen Fragen auseinander.<\/p>\n<\/li>\n<\/ul>\n<p><\/p><\/div><\/div><\/div><\/div><\/div>\n","protected":false},"excerpt":{"rendered":"<p>Das Fach Deutsch an der LFS legt Wert auf: Unterst\u00fctzung von Sch\u00fclerinnen in ihrer individuellen Entwicklung, indem sie einen bewussten, adressaten- und zeitgem\u00e4\u00dfen Umgang mit Sprache, Literatur und neuen Medien erlernen. Integration von Projekten und Wettbewerben, da Sch\u00fclerinnen in au\u00dferunterrichtlichen Erfahrungsr\u00e4umen die Relevanz sprachlichen und literarischen Tuns f\u00fcr sich und andere erfahren. LFS-Sch\u00fclerinnen nehmen am kulturellen Leben teil und gestalten &#8230; <\/p>\n<div><a href=\"https:\/\/www.lfs-bonn.de\/?page_id=97\" class=\"more-link\">Read More<\/a><\/div>\n","protected":false},"author":1,"featured_media":0,"parent":11,"menu_order":0,"comment_status":"closed","ping_status":"closed","template":"","meta":{"footnotes":""},"class_list":["post-97","page","type-page","status-publish","hentry","no-post-thumbnail"],"_links":{"self":[{"href":"https:\/\/www.lfs-bonn.de\/index.php?rest_route=\/wp\/v2\/pages\/97"}],"collection":[{"href":"https:\/\/www.lfs-bonn.de\/index.php?rest_route=\/wp\/v2\/pages"}],"about":[{"href":"https:\/\/www.lfs-bonn.de\/index.php?rest_route=\/wp\/v2\/types\/page"}],"author":[{"embeddable":true,"href":"https:\/\/www.lfs-bonn.de\/index.php?rest_route=\/wp\/v2\/users\/1"}],"replies":[{"embeddable":true,"href":"https:\/\/www.lfs-bonn.de\/index.php?rest_route=%2Fwp%2Fv2%2Fcomments&post=97"}],"version-history":[{"count":8,"href":"https:\/\/www.lfs-bonn.de\/index.php?rest_route=\/wp\/v2\/pages\/97\/revisions"}],"predecessor-version":[{"id":6590,"href":"https:\/\/www.lfs-bonn.de\/index.php?rest_route=\/wp\/v2\/pages\/97\/revisions\/6590"}],"up":[{"embeddable":true,"href":"https:\/\/www.lfs-bonn.de\/index.php?rest_route=\/wp\/v2\/pages\/11"}],"wp:attachment":[{"href":"https:\/\/www.lfs-bonn.de\/index.php?rest_route=%2Fwp%2Fv2%2Fmedia&parent=97"}],"curies":[{"name":"wp","href":"https:\/\/api.w.org\/{rel}","templated":true}]}}